{"id":2,"date":"2012-04-16T18:24:56","date_gmt":"2012-04-16T16:24:56","guid":{"rendered":""},"modified":"2012-09-04T22:46:24","modified_gmt":"2012-09-04T20:46:24","slug":"a-propos","status":"publish","type":"page","link":"https:\/\/www.olivierdany.com\/?page_id=2","title":{"rendered":"les f\u00e9es \u00e9lectrik"},"content":{"rendered":"<p><span style=\"color: #888888;\"><a href=\"http:\/\/lesfeeselectrik.com\/\/\" target=\"_blank\">Les f\u00e9es \u00e9lectrik<\/a>, new model consulting company, est un \u00ab\u00a0groupe d&rsquo;excellence\u00a0\u00bb de consultants et cr\u00e9atifs seniors. Leur association leur permet de proposer des solutions \u00e0 fortes valeurs ajout\u00e9es tout en conservant la l\u00e9g\u00e8ret\u00e9 de leurs structures ind\u00e9pendantes.<\/span><\/p>\n<p><span style=\"color: #888888;\"><a href=\"http:\/\/lesfeeselectrik.com\/\/\" target=\"_blank\">Les f\u00e9es \u00e9lectrik<\/a>\u00a0d\u00e9veloppent des offres de service et de cr\u00e9ation adapt\u00e9es aux besoins des entreprises :<br \/>\nSEARCH.\u00a0Besoin de recruter.<br \/>\nTALENT.\u00a0Besoin d\u2019accompagner, former, mobiliser ( training, coaching, team building).<br \/>\nMARKETPLACE.\u00a0Besoin de compl\u00e9ter vos \u00e9quipes, freelances ou interim management.<br \/>\n&#8211; Strat\u00e9gie\/finance\/subvention\/ Propri\u00e9t\u00e9 intellectuelle.<br \/>\n&#8211; Communication\/DA.<br \/>\n&#8211; Production : web\/IT, mobile\/I-phone, r\u00e9seaux-sociaux\u2026<br \/>\n&#8211; Business d\u00e9veloppement : e-commerce, cr\u00e9ation de trafic, vente de publicit\u00e9\u2026<br \/>\nCONSULTING.\u00a0Besoin d\u2019optimiser votre politique RH, co\u00fbts sociaux, licenciements.<\/span><br \/>\n<a href=\"http:\/\/olivierdany.com\/wp-content\/uploads\/2012\/04\/symbole_fees_electrik_2.jpg\"><img loading=\"lazy\" decoding=\"async\" src=\"http:\/\/olivierdany.com\/wp-content\/uploads\/2012\/04\/symbole_fees_electrik_2.jpg\" alt=\"\" title=\"symbole_fees_electrik_2\" width=\"210\" height=\"192\" class=\"alignnone size-full wp-image-1374\" \/><\/a><\/p>\n","protected":false},"excerpt":{"rendered":"<p>Les f\u00e9es \u00e9lectrik, new model consulting company, est un \u00ab\u00a0groupe d&rsquo;excellence\u00a0\u00bb de consultants et cr\u00e9atifs seniors. Leur association leur permet de proposer des solutions \u00e0 fortes valeurs ajout\u00e9es tout en conservant la l\u00e9g\u00e8ret\u00e9 de leurs structures ind\u00e9pendantes. Les f\u00e9es \u00e9lectrik\u00a0d\u00e9veloppent des offres de service et de cr\u00e9ation adapt\u00e9es aux besoins des entreprises : SEARCH.\u00a0Besoin de [&hellip;]<\/p>\n","protected":false},"author":1,"featured_media":0,"parent":0,"menu_order":0,"comment_status":"closed","ping_status":"open","template":"","meta":{"footnotes":""},"class_list":["post-2","page","type-page","status-publish","hentry"],"_links":{"self":[{"href":"https:\/\/www.olivierdany.com\/index.php?rest_route=\/wp\/v2\/pages\/2"}],"collection":[{"href":"https:\/\/www.olivierdany.com\/index.php?rest_route=\/wp\/v2\/pages"}],"about":[{"href":"https:\/\/www.olivierdany.com\/index.php?rest_route=\/wp\/v2\/types\/page"}],"author":[{"embeddable":true,"href":"https:\/\/www.olivierdany.com\/index.php?rest_route=\/wp\/v2\/users\/1"}],"replies":[{"embeddable":true,"href":"https:\/\/www.olivierdany.com\/index.php?rest_route=%2Fwp%2Fv2%2Fcomments&post=2"}],"version-history":[{"count":11,"href":"https:\/\/www.olivierdany.com\/index.php?rest_route=\/wp\/v2\/pages\/2\/revisions"}],"predecessor-version":[{"id":1341,"href":"https:\/\/www.olivierdany.com\/index.php?rest_route=\/wp\/v2\/pages\/2\/revisions\/1341"}],"wp:attachment":[{"href":"https:\/\/www.olivierdany.com\/index.php?rest_route=%2Fwp%2Fv2%2Fmedia&parent=2"}],"curies":[{"name":"wp","href":"https:\/\/api.w.org\/{rel}","templated":true}]}}